{"id":81,"date":"2014-07-09T01:37:41","date_gmt":"2014-07-08T23:37:41","guid":{"rendered":"http:\/\/www.freshcreations.at\/?page_id=81"},"modified":"2014-10-10T15:13:00","modified_gmt":"2014-10-10T13:13:00","slug":"impressum","status":"publish","type":"page","link":"https:\/\/www.hatzigmoser.at\/?page_id=81","title":{"rendered":"Impressum"},"content":{"rendered":"[vc_row no_margin=&#8220;true&#8220; padding_top=&#8220;0&#8243; padding_bottom=&#8220;0&#8243; border=&#8220;none&#8220;][vc_column width=&#8220;1\/1&#8243;]<div  class=\"x-column x-sm x-1-3\" style=\"\" ><\/p>\n<p><strong>F\u00fcr den Inhalt verantwortlich:<\/strong><\/p>\n<p>Karl A. Hatzigmoser<br \/>\n2460 Bruck an der Leitha<br \/>\nLudwig Graf Gasse 33\u00a0| Austria<br \/>\n<span style=\"color: #555555;\"><i  class=\"x-icon x-icon-phone\" data-x-icon-s=\"&#xf095;\" aria-hidden=\"true\"><\/i><\/span>\u00a00676 951 72 21<br \/>\n<span style=\"color: #555555;\"><i  class=\"x-icon x-icon-envelope\" data-x-icon-s=\"&#xf0e0;\" aria-hidden=\"true\"><\/i><\/span>\u00a0<a href=\"mailto:office@hatzigmoser.at\">office[at]hatzigmoser.at<\/a><\/p>\n<p>Consulting &amp; Trading<br \/>\nUID-Nr: ATU66198508<\/p>\n<p><strong>Konzeption und Design:<\/strong><\/p>\n<p>Dominik\u00a0Hatzigmoser<br \/>\n2460 Bruck an der Leitha<br \/>\nLudwig Graf Gasse 33\u00a0| Austria<br \/>\n<span style=\"color: #555555;\"><i  class=\"x-icon x-icon-phone\" data-x-icon-s=\"&#xf095;\" aria-hidden=\"true\"><\/i><\/span>\u00a00676 916 96 59<br \/>\n<span style=\"color: #555555;\"><i  class=\"x-icon x-icon-envelope\" data-x-icon-s=\"&#xf0e0;\" aria-hidden=\"true\"><\/i><\/span>\u00a0<a href=\"mailto:dominik@hatzigmoser.at\">dominik[at]hatzigmoser.at<\/a><\/p>\n<p>Public Relations Berater<br \/>\nUID-Nr: ATU64330959<\/p>\n<p><\/div><br \/>\n<div  class=\"x-column x-sm x-2-3 last\" style=\"\" ><b>Disclaimer:<\/b><\/p>\n<p>Die auf dieser Web Site enthaltenen Informationen werden ausschlie\u00dflich f\u00fcr allgemeine, unverbindliche Informationszwecke zur Verf\u00fcgung gestellt. Aus dem Abruf der Seite und der darin enthaltenen Informationen wird kein Auftragsverh\u00e4ltnis zwischen der Firma Hatzigmoser und dem Abrufer begr\u00fcndet.<\/p>\n<p><b>Haftungsausschluss:<\/b><br \/>\nWir\u00a0\u00fcbernehmen keinerlei Haftung f\u00fcr Sch\u00e4den oder Nachteile, welcher Art auch immer, die durch die Verwertung der hier enthaltenen Informationen entstehen. Trotz gr\u00f6\u00dftem Bem\u00fchen um Sorgfalt k\u00f6nnen wir auch keine Haftung f\u00fcr die Richtigkeit der Informationen und den Inhalt der angef\u00fchrten Links \u00fcberehmen.<\/p>\n<p><\/div>\n[\/vc_column][\/vc_row]\n","protected":false},"excerpt":{"rendered":"<p>[vc_row no_margin=&#8220;true&#8220; padding_top=&#8220;0&#8243; padding_bottom=&#8220;0&#8243; border=&#8220;none&#8220;][vc_column width=&#8220;1\/1&#8243;][\/vc_column][\/vc_row]<\/p>\n","protected":false},"author":1,"featured_media":0,"parent":0,"menu_order":0,"comment_status":"closed","ping_status":"open","template":"","meta":[],"_links":{"self":[{"href":"https:\/\/www.hatzigmoser.at\/index.php?rest_route=\/wp\/v2\/pages\/81"}],"collection":[{"href":"https:\/\/www.hatzigmoser.at\/index.php?rest_route=\/wp\/v2\/pages"}],"about":[{"href":"https:\/\/www.hatzigmoser.at\/index.php?rest_route=\/wp\/v2\/types\/page"}],"author":[{"embeddable":true,"href":"https:\/\/www.hatzigmoser.at\/index.php?rest_route=\/wp\/v2\/users\/1"}],"replies":[{"embeddable":true,"href":"https:\/\/www.hatzigmoser.at\/index.php?rest_route=%2Fwp%2Fv2%2Fcomments&post=81"}],"version-history":[{"count":2,"href":"https:\/\/www.hatzigmoser.at\/index.php?rest_route=\/wp\/v2\/pages\/81\/revisions"}],"predecessor-version":[{"id":365,"href":"https:\/\/www.hatzigmoser.at\/index.php?rest_route=\/wp\/v2\/pages\/81\/revisions\/365"}],"wp:attachment":[{"href":"https:\/\/www.hatzigmoser.at\/index.php?rest_route=%2Fwp%2Fv2%2Fmedia&parent=81"}],"curies":[{"name":"wp","href":"https:\/\/api.w.org\/{rel}","templated":true}]}}