{"id":611,"date":"2018-05-23T13:50:56","date_gmt":"2018-05-23T11:50:56","guid":{"rendered":"http:\/\/www.hatzigmoser.at\/?page_id=611"},"modified":"2018-05-24T09:35:03","modified_gmt":"2018-05-24T07:35:03","slug":"impressum-2","status":"publish","type":"page","link":"https:\/\/www.hatzigmoser.at\/?page_id=611","title":{"rendered":"Datenschutzerkl\u00e4rung"},"content":{"rendered":"[vc_row no_margin=&#8220;true&#8220; padding_top=&#8220;0&#8243; padding_bottom=&#8220;0&#8243; border=&#8220;none&#8220;][vc_column fade_animation_offset=&#8220;45px&#8220; width=&#8220;1\/1&#8243;]<p>Datenschutzerkl\u00e4rung der Einzelunternehmen:<\/p>\n<p>Karl A. Hatzigmoser,\u00a02460 Bruck an der Leitha,\u00a0Ludwig Graf Gasse 33<br \/>\nund\u00a0Dominik\u00a0Hatzigmoser, Public Relations Berater,\u00a02460 Bruck an der Leitha,\u00a0Ludwig Graf Gasse 33<\/p>\n<p class=\"p1\"><span class=\"s1\">Es ist uns in allen Gesch\u00e4ftsfeldern ein wichtiges Anliegen, personenbezogene Daten bei ihrer Erhebung, Verarbeitung und Nutzung anl\u00e4sslich eines Besuches auf unserer Homepage und ihrer Nutzung zu sch\u00fctzen. <\/span><\/p>\n<p class=\"p1\"><span class=\"s1\"><b>Inhalt der Datenschutzerkl\u00e4rung<\/b><\/span><\/p>\n<ol class=\"ol1\">\n<li class=\"li1\"><b><\/b><span class=\"s1\"><b>Allgemeines<\/b><\/span><\/li>\n<li class=\"li1\"><b><\/b><span class=\"s1\"><b>Ansprechpersonen und Kontaktdaten<\/b><\/span><\/li>\n<li class=\"li1\"><b><\/b><span class=\"s1\"><b>Ermittlung und Speicherung personenbezogener Daten<\/b><\/span><\/li>\n<li class=\"li1\"><b><\/b><span class=\"s1\"><b>Verwendung und Weitergabe personenbezogener Daten<\/b><\/span><\/li>\n<li class=\"li1\"><b><\/b><span class=\"s1\"><b>Recht auf Auskunft, Berichtigung, L\u00f6schung oder Einschr\u00e4nkung der Verarbeitung, auf Widerspruch sowie Daten\u00fcbertragbarkeit<\/b><\/span><\/li>\n<li class=\"li1\"><b><\/b><span class=\"s1\"><b>Datensicherheit<\/b><\/span><\/li>\n<li class=\"li1\"><b><\/b><span class=\"s1\"><b>Websiteanalyse &amp; Cookies<\/b><\/span><\/li>\n<li class=\"li1\"><b><\/b><span class=\"s1\"><b>Protokollierung des E-Mailverkehrs<\/b><\/span><\/li>\n<li class=\"li1\"><b><\/b><span class=\"s1\"><b>Ver\u00f6ffentlichung von Daten <\/b><\/span><\/li>\n<li class=\"li1\"><b><\/b><span class=\"s1\"><b>\u00dcbermittlung von Bewerberdaten<\/b><\/span><\/li>\n<li class=\"li1\"><b><\/b><span class=\"s1\"><b>Aktualisierung dieser Datenschutzerkl\u00e4rung<\/b><\/span><\/li>\n<li class=\"li1\"><span class=\"s1\"><b>Beantragung eines Datenschutzbegehrens<\/b><\/span><\/li>\n<\/ol>\n<p class=\"p1\"><span class=\"s1\"><b>1. Allgemeines<\/b><\/span><\/p>\n<p class=\"p1\"><span class=\"s1\">Wir f\u00fchlen uns einem h\u00f6chstm\u00f6glichen Schutz und gr\u00f6\u00dftm\u00f6glicher Sorgfalt im Umgang mit Ihren pers\u00f6nlichen Daten \u2013 von deren Erfassung bis zur Verarbeitung und Speicherung \u2013 w\u00e4hrend Ihres Besuchs auf unserem Webauftritt verpflichtet. Grundlage daf\u00fcr sind die \u00f6sterreichischen sowie europarechtlichen Bestimmungen zum Datenschutzrecht.<\/span><\/p>\n<p class=\"p1\"><span class=\"s1\">Diese Datenschutzerkl\u00e4rung bezieht sich nur auf den Webauftritt www.hatzigmoser.at. Einzelne Seiten k\u00f6nnen auf Links anderer Anbieterinnen und Anbieter verweisen, auf die sich die Datenschutzerkl\u00e4rung nicht erstreckt, d.h., f\u00fcr diese Inhalte sowie Verwendung und Verarbeitung von Daten \u00fcbernehmen wir keine Haftung.<\/span><\/p>\n<p class=\"p1\"><span class=\"s1\"><b>2. Ansprechpersonen und Kontaktdaten<\/b><\/span><\/p>\n<p class=\"p1\"><span class=\"s1\">Folgend ist jedes Einzelunternehmen f\u00fcr sich verantwortlich f\u00fcr die Datenverarbeitung:<\/span><\/p>\n<p class=\"p3\">Karl A. Hatzigmoser,\u00a02460 Bruck an der Leitha,\u00a0Ludwig Graf Gasse 33<br \/>\nund\u00a0Dominik\u00a0Hatzigmoser, Public Relations Berater,\u00a02460 Bruck an der Leitha,\u00a0Ludwig Graf Gasse 33<\/p>\n<p class=\"p1\"><span class=\"s1\">Information zur Datenverarbeitung nach Art. 13 und 14 DSGVO<\/span><\/p>\n<p class=\"p1\"><span class=\"s1\">Im Folgenden finden Sie dar\u00fcber hinaus Informationen \u00fcber Art, Umfang und Zweck der Erhebung und Verwendung von Daten bei Ihrem Besuch unserer Webseiten.<\/span><\/p>\n<p class=\"p1\"><span class=\"s1\"><b>3. Ermittlung und Speicherung personenbezogener Daten<\/b><\/span><\/p>\n<p class=\"p1\"><span class=\"s1\">Bei jedem Zugriff auf unseren Webauftritt \u00fcbermittelt Ihr Browser aus technischen Gr\u00fcnden automatisch die unten aufgelisteten Daten an unsere Webserver. Die Speicherung dient ausschlie\u00dflich statistischen wie technischen Zwecken, um zum Beispiel die H\u00e4ufigkeit von Seitenbesuchen auswerten oder aber St\u00f6rungen im Serverbetrieb feststellen zu k\u00f6nnen.<\/span><\/p>\n<p class=\"p1\"><span class=\"s1\">Folgende Daten werden protokolliert und ausgewertet:<\/span><\/p>\n<ul class=\"ul1\">\n<li class=\"li1\"><span class=\"s1\">Request (Dateiname der angeforderten Datei)<\/span><\/li>\n<li class=\"li1\"><span class=\"s1\">Browsertyp und Browserversion<\/span><\/li>\n<li class=\"li1\"><span class=\"s1\">verwendetes Betriebssystem<\/span><\/li>\n<li class=\"li1\"><span class=\"s1\">Referrer URL, d.h. die Webseite, von der aus Sie unseren Internetauftritt besuchen<\/span><\/li>\n<li class=\"li1\"><span class=\"s1\">IP-Adresse<\/span><\/li>\n<li class=\"li1\"><span class=\"s1\">Datum und Uhrzeit Ihres Besuchs<\/span><\/li>\n<li class=\"li1\"><span class=\"s1\">die innerhalb unseres Webauftritts besuchten Webseiten<\/span><\/li>\n<li class=\"li1\"><span class=\"s1\">etwaige Formularinhalte<\/span><\/li>\n<li class=\"li1\"><span class=\"s1\">Benutzername und Passwort (bei Registrierungen)<\/span><\/li>\n<\/ul>\n<p class=\"p1\"><span class=\"s1\">Weitergehende personenbezogene Daten, wie Name, Wohnadresse, E-Mailadresse, Geburtsdatum oder gesch\u00e4ftsfallbezogene Daten, werden nur erfasst, wenn Sie diese selbst angeben. Auf unserer Webseite k\u00f6nnen Sie solche Daten beispielsweise\u00a0<\/span><\/p>\n<p class=\"p1\"><span class=\"s1\">im Kontaktformular bekanntgeben.<\/span><\/p>\n<p class=\"p1\"><span class=\"s1\"><b>4. Verwendung und Weitergabe personenbezogener Daten<\/b><\/span><\/p>\n<p class=\"p1\"><span class=\"s1\">Von Ihnen \u00fcbermittelte personenbezogene Daten werden nur zur Behandlung Ihres Anliegens, im Rahmen der Erf\u00fcllung von mit Ihnen geschlossenen Vertr\u00e4gen oder f\u00fcr die technische Administration verwendet.<\/span><\/p>\n<p class=\"p1\"><span class=\"s1\">Wenn Sie uns eine Einwilligung zur Verarbeitung Ihrer personenbezogenen Daten erteilt haben, erfolgt eine Verarbeitung nur gem\u00e4\u00df den in der Zustimmungserkl\u00e4rung festgelegten Zwecken und im darin vereinbarten Umfang. Sie erhalten daher von uns Werbung oder E-Mail-Newsletter nur auf Basis Ihrer Einwilligung hierzu. Eine erteilte Einwilligung k\u00f6nnen Sie jederzeit mit Wirkung f\u00fcr die Zukunft kostenlos widerrufen: In elektronischen Newslettern via angef\u00fchrtem Link zur Abbestellung, via schriftlicher sowie telefonischer Benachrichtigung an alle angef\u00fchrten Kontaktdaten.<\/span><\/p>\n<p class=\"p1\"><span class=\"s1\">Es erhalten zudem nur diejenigen Stellen Ihre Daten, die diese zur Erf\u00fcllung der vertraglichen, gesetzlichen und aufsichtsrechtlichen Pflichten sowie berechtigten Interessen ben\u00f6tigen.\u00a0<\/span><\/p>\n<p class=\"p1\"><span class=\"s1\"><b>5. Recht auf Auskunft, Berichtigung, L\u00f6schung oder Einschr\u00e4nkung der Verarbeitung, auf Widerspruch sowie Daten\u00fcbertragbarkeit<\/b><\/span><\/p>\n<p class=\"p1\"><span class=\"s1\">Sie haben jederzeit das Recht auf Auskunft, Berichtigung, L\u00f6schung oder Einschr\u00e4nkung der Verarbeitung Ihrer gespeicherten Daten, ein Widerspruchsrecht gegen die Verarbeitung sowie das Recht auf Daten\u00fcbertragbarkeit gem\u00e4\u00df den Voraussetzungen des Datenschutzrechts.<\/span><\/p>\n<p class=\"p1\"><span class=\"s1\">Beschwerden k\u00f6nnen Sie an die \u00d6sterreichische Datenschutzbeh\u00f6rde richten.<\/span><\/p>\n<p class=\"p1\"><span class=\"s1\"><b>6. Datensicherheit<\/b><\/span><\/p>\n<p class=\"p1\"><span class=\"s1\">Die Sicherheit Ihrer Daten in unseren Systemen ist uns ein sehr gro\u00dfes Anliegen. Unser Ziel ist es, Ihre Daten mit h\u00f6chster Sorgfalt zu verwalten und alle notwendigen technischen und organisatorischen Sicherheitsma\u00dfnahmen zu treffen, um Ihre personenbezogenen Daten vor Verlust und Missbrauch zu sch\u00fctzen.<\/span><\/p>\n<p class=\"p1\"><span class=\"s1\">Sollten Sie mit uns oder unseren Mitarbeitenden per E-Mail in Kontakt treten wollen, weisen wir darauf hin, dass die Vertraulichkeit der \u00fcbermittelten Informationen nicht gew\u00e4hrleistet ist. Der Inhalt von E-Mails kann aufgrund ihrer technischen Konzeption von Dritten eingesehen werden, sofern nicht besondere technische Sicherheitsma\u00dfnahmen ergriffen werden.<\/span><\/p>\n<p class=\"p1\"><span class=\"s1\"><b>7. Webanalyse &amp; Cookies<\/b><\/span><\/p>\n<p class=\"p1\"><span class=\"s1\">Um den Aufbau und die Navigation unseres Webauftritts zu analysieren, zu verbessern und diesen auf Ihre Bed\u00fcrfnisse zuzuschneiden, verwenden wir auf unserer Website Analysetools.<\/span><\/p>\n<p class=\"p1\"><span class=\"s1\">Diese Website verwendet Google Analytics. Dabei handelt es sich um einen Webanalysedienst von Google Inc. (\u201eGoogle\u201c). Dieser Analysedienst verwendet Cookies, also kleine Dateien, die auf dem Computer gespeichert werden und die eine Analyse der Nutzung unserer Website erm\u00f6glichen. Informationen \u00fcber die Nutzung unserer Webseite, die unter Verwendung von Cookies gesammelt werden, dienen dazu, die allgemeine Nutzung der Website auszuwerten, um es uns zu erm\u00f6glichen, Reports \u00fcber die Websiteaktivit\u00e4ten zusammenzustellen und so in der Lage zu sein, unsere Webseite weiter zu optimieren und um weitere mit der Webseiten- und Internetnutzung verbundene Services zu erbringen. Die von Google Analytics mit Hilfe von Cookies erzeugten Informationen \u00fcber die Nutzung der Webseite werden \u2013 einschlie\u00dflich der anonymisierten IP-Adresse an einen Server von Google Inc. in die USA \u00fcbermittelt. Die Anonymisierung erfolgt durch die Entfernung der letzten acht Bit der IP-Adresse, wodurch eine eindeutige Zuordnung der ermittelten Daten zu einer bestimmten IP-Adresse nicht mehr m\u00f6glich ist. Diese Information wird an Beh\u00f6rden oder Dritte \u00fcbermittelt, wenn diese \u00dcbermittlung gesetzlich erforderlich ist oder wenn Dritte im Auftrag von Google als Dienstleister t\u00e4tig sind. Es besteht jedoch die M\u00f6glichkeit, die Speicherung von Cookies durch entsprechende Einstellungen im Browser zu verhindern. Wenn in den Einstellungen des Browsers die Zustimmung zur Speicherung von Cookies verweigert wird, kann es jedoch sein, dass bestimmte Funktionen unserer Webseite nicht mehr zur Verf\u00fcgung stehen. Mit der Nutzung unserer Webseite erkl\u00e4rt man sich mit der Verwendung von Google Analytics einverstanden. Weitere Informationen zu Google Analytics finden sich unter: http:\/\/www.google.at\/intl\/de\/analytics. Informationen zur Privacy Policy von Google findet man unter http:\/\/www.google.de\/policies\/privacy. Hier findet man eine M\u00f6glichkeit, wie man die Nutzung von Google Analytics und die damit verbundene Daten\u00fcbermittlung an Google unterbinden kann https:\/\/tools.google.com\/dlpage\/gaoptout?hl=de. <\/span><\/p>\n<p class=\"p1\"><span class=\"s1\">Des Weiteren nutzen wir Cookies, um unser Angebot f\u00fcr Sie so benutzerfreundlich, wie m\u00f6glich, zu gestalten. Cookies sind kleine Textdateien, die auf Ihrem Ger\u00e4t abgelegt werden, um Sie bei erneuter Nutzung unseres Webangebots wiederzuerkennen. Cookies k\u00f6nnen dauerhaft oder nur w\u00e4hrend einer Sitzung gespeichert werden. Es werden zwei Arten von Cookies eingesetzt: notwendige Cookies, um grundlegende Funktionen der Webseite zur Verf\u00fcgung stellen zu k\u00f6nnen, und zielorientierte Cookies, die uns helfen, den Aufbau und die Navigation unseres Webauftritts zu optimieren und dadurch die Servicequalit\u00e4t zu verbessern. Bei beiden Cookie-Anwendungen wird Ihre IP-Adresse umgehend so gek\u00fcrzt und damit anonymisiert, dass Sie Ihnen nicht mehr zugeordnet werden kann. Somit werden weder personenbezogene Daten erfasst oder ausgewertet, noch diese mit anderen solchen Daten verkn\u00fcpft. Sie k\u00f6nnen au\u00dferdem die Installation aller Arten von Cookies durch eine entsprechende Einstellung Ihres Browsers verhindern. Wenn Sie eine solche Einstellung vornehmen, kann es sein, dass nicht alle Funktionen unserer Webseite vollumf\u00e4nglich zur Verf\u00fcgung gestellt werden k\u00f6nnen.<\/span><\/p>\n<p class=\"p3\"><span class=\"s1\">Ein genereller Widerspruch gegen den Einsatz der zu Zwecken des Onlinemarketing eingesetzten Cookies kann bei einer Vielzahl der Dienste, vor allem im Fall des Trackings, \u00fcber die US-amerikanische Seite\u00a0<a href=\"http:\/\/www.aboutads.info\/choices\/\"><span class=\"s2\">http:\/\/www.aboutads.info\/choices\/<\/span><\/a>oder die EU-Seite\u00a0<a href=\"http:\/\/www.youronlinechoices.com\/\"><span class=\"s2\">http:\/\/www.youronlinechoices.com\/<\/span><\/a>\u00a0erkl\u00e4rt werden. Des Weiteren kann die Speicherung von Cookies mittels deren Abschaltung in den Einstellungen des Browsers erreicht werden. Bitte beachten Sie, dass dann gegebenenfalls nicht alle Funktionen dieses Onlineangebotes genutzt werden k\u00f6nnen.<\/span><\/p>\n<p class=\"p1\"><span class=\"s1\">S\u00e4mtliche gesammelte Nutzungsinformationen werden nicht an Dritte weitergegeben.<\/span><\/p>\n<p class=\"p1\"><span class=\"s1\"><b>8. Protokollierung des E-Mail-Verkehrs<\/b><\/span><\/p>\n<p class=\"p1\"><span class=\"s1\">Zur Sicherstellung einer angemessenen Informations- und Systemsicherheit und zur Erkennung von Schadsoftware speichern wir Protokolldaten zum E-Mailverkehr. Wenn Sie ein E-Mail an eine unserer Adressen senden, werden die folgenden Daten protokolliert: E-Mail- und IP-Adresse der Empf\u00e4ngerin\/des Empf\u00e4ngers und der Senderin\/des Senders, Anzahl der Empf\u00e4ngerinnen\/Empf\u00e4nger, Betreff, Datum und Uhrzeit des Eingangs beim Server, Dateibezeichnung allf\u00e4lliger Anh\u00e4nge, Gr\u00f6\u00dfe der Nachricht, Risikoklassifizierung f\u00fcr Spam und Zustellstatus. E-Mails werden in einem ersten Schritt rein automatisiert gepr\u00fcft. Nur im Fall des Verdachts auf eine Gefahr f\u00fcr die Sicherheit der IT-Systeme werden einzelne E-Mails durch verantwortliche Personen manuell gepr\u00fcft.<\/span><\/p>\n<p class=\"p1\"><span class=\"s1\">Au\u00dferdem verarbeiten wir Ihre personenbezogenen Daten im Zusammenhang mit E-Mails, soweit erforderlich, f\u00fcr die Dauer der gesamten Gesch\u00e4ftsanbahnung sowie dar\u00fcber hinaus gem\u00e4\u00df den gesetzlichen Aufbewahrungs- und Dokumentationspflichten. <span class=\"Apple-converted-space\">\u00a0 \u00a0<\/span><\/span><\/p>\n<p class=\"p1\"><span class=\"s1\"><b>9. Ver\u00f6ffentlichung von Daten<\/b><\/span><\/p>\n<p class=\"p1\"><span class=\"s1\">Prinzipiell werden Daten, die uns zur Verf\u00fcgung gestellt werden, nicht ver\u00f6ffentlicht oder anderen Benutzern zur Verf\u00fcgung gestellt. Sinn und Zweck mancher Funktionalit\u00e4ten der Webseite ist es jedoch, bestimmte Daten zu ver\u00f6ffentlichen und anderen Nutzern zur Verf\u00fcgung zu stellen. In solchen F\u00e4llen wird man aber vor Klick auf den entsprechenden Button, der eine solche Ver\u00f6ffentlichung bestimmter Daten zur Folge hat, \u00fcber diesen Umstand informiert und eine eigenst\u00e4ndige Zustimmungserkl\u00e4rung eingeholt.<\/span><\/p>\n<p class=\"p1\"><span class=\"s1\"><b>10. \u00dcbermittlung von Bewerberdaten<\/b><\/span><\/p>\n<p class=\"p1\"><span class=\"s1\">Mit der \u00dcbermittlung Ihrer Bewerbungsunterlagen stimmen Sie zu, dass pers\u00f6nlichen Daten wie Name, Titel, Adresse, Telefonnummer, Geburtsdatum, Ausbildung, Berufserfahrung, Gehaltsvorstellung und jene Daten und Bilder, die im Anschreiben, im Lebenslauf, in den Zeugnisse oder anderen gesendeten Dokumenten enthalten sind, zum Zweck der Bearbeitung der Anfrage und Abwicklung des Bewerbungsverfahrens verarbeitet werden. <\/span><\/p>\n<p class=\"p1\"><span class=\"s1\">Schlie\u00dfen wir einen Anstellungsvertrag mit einem Bewerber, werden die \u00fcbermittelten Daten zum Zwecke der Abwicklung des Besch\u00e4ftigungsverh\u00e4ltnisses unter Beachtung der gesetzlichen Vorschriften gespeichert. Wird kein Anstellungsvertrag mit dem Bewerber geschlossen, so werden die Bewerbungsunterlagen sechs Monate nach Bekanntgabe der Absageentscheidung gel\u00f6scht, sofern keine Einwilligung nach Art 6 Abs 1 lit a f\u00fcr die Evidenzhaltung von 2 Jahren vorliegt. Ihre Einwilligung kann jederzeit ohne Angabe von Gr\u00fcnden beim oben genannten Kontakt widerrufen werden.<\/span><\/p>\n<p class=\"p1\"><span class=\"s1\">Die Datenverarbeitung erfolgt auf Basis der gesetzlichen Bestimmungen des \u00a7 96 Abs 3 TKG sowie des Art 6 Abs 1 lit a (Einwilligung) und lit b (notwendig zur Vertragserf\u00fcllung) der DSGVO.<\/span><\/p>\n<p class=\"p1\"><span class=\"s1\"><b>11. Aktualisierung dieser Datenschutzerkl\u00e4rung<\/b><\/span><\/p>\n<p class=\"p1\"><span class=\"s1\">Wir behalten uns vor, diese Datenschutzerkl\u00e4rung bei Bedarf an technische Entwicklungen sowie rechtliche \u00c4nderungen anzupassen oder im Zusammenhang mit dem Angebot neuer Dienstleistungen oder Produkte zu aktualisieren.<\/span><\/p>\n<p class=\"p1\"><span class=\"s1\"><b>12. Beantragung eines Datenschutzbegehrens<\/b><\/span><\/p>\n<p class=\"p1\">Die Bewahrung des pers\u00f6nlichen Datenschutzes ist uns wichtig. Sie m\u00f6chten Ihr\u00a0<span class=\"s1\">Recht auf Auskunft, Berichtigung, L\u00f6schung oder Einschr\u00e4nkung der Verarbeitung, auf Widerspruch sowie Daten\u00fcbertragbarkeit ihrer Daten nutzen? Schreiben Sie uns eine E-Mail an: <a href=\"mailto:dominik@hatzigmoser.at\">dominik@hatzigmoser.at<\/a><\/span><\/p>\n[\/vc_column][\/vc_row]\n","protected":false},"excerpt":{"rendered":"<p>[vc_row no_margin=&#8220;true&#8220; padding_top=&#8220;0&#8243; padding_bottom=&#8220;0&#8243; border=&#8220;none&#8220;][vc_column fade_animation_offset=&#8220;45px&#8220; width=&#8220;1\/1&#8243;][\/vc_column][\/vc_row]<\/p>\n","protected":false},"author":1,"featured_media":0,"parent":0,"menu_order":0,"comment_status":"closed","ping_status":"open","template":"","meta":[],"_links":{"self":[{"href":"https:\/\/www.hatzigmoser.at\/index.php?rest_route=\/wp\/v2\/pages\/611"}],"collection":[{"href":"https:\/\/www.hatzigmoser.at\/index.php?rest_route=\/wp\/v2\/pages"}],"about":[{"href":"https:\/\/www.hatzigmoser.at\/index.php?rest_route=\/wp\/v2\/types\/page"}],"author":[{"embeddable":true,"href":"https:\/\/www.hatzigmoser.at\/index.php?rest_route=\/wp\/v2\/users\/1"}],"replies":[{"embeddable":true,"href":"https:\/\/www.hatzigmoser.at\/index.php?rest_route=%2Fwp%2Fv2%2Fcomments&post=611"}],"version-history":[{"count":3,"href":"https:\/\/www.hatzigmoser.at\/index.php?rest_route=\/wp\/v2\/pages\/611\/revisions"}],"predecessor-version":[{"id":615,"href":"https:\/\/www.hatzigmoser.at\/index.php?rest_route=\/wp\/v2\/pages\/611\/revisions\/615"}],"wp:attachment":[{"href":"https:\/\/www.hatzigmoser.at\/index.php?rest_route=%2Fwp%2Fv2%2Fmedia&parent=611"}],"curies":[{"name":"wp","href":"https:\/\/api.w.org\/{rel}","templated":true}]}}