{"id":487,"date":"2016-02-17T21:34:01","date_gmt":"2016-02-17T20:34:01","guid":{"rendered":"http:\/\/www.hatzigmoser.at\/?page_id=487"},"modified":"2017-03-08T16:22:55","modified_gmt":"2017-03-08T15:22:55","slug":"home","status":"publish","type":"page","link":"https:\/\/www.hatzigmoser.at\/","title":{"rendered":"Home"},"content":{"rendered":"<div id=\"cs-content\" class=\"cs-content\"><div id=\"x-section-1\" class=\"x-section cs-hide-xs cs-hide-sm bg-image\" style=\"margin: 0px;padding: 45px 0px; background-image: url(http:\/\/www.hatzigmoser.at\/wp-content\/uploads\/2017\/03\/wavebench-clear-1800.jpg); background-color: transparent;\" data-x-element=\"section\" data-x-params=\"{&quot;type&quot;:&quot;image&quot;,&quot;parallax&quot;:false}\"><div id=\"\" class=\"x-container max width\" style=\"margin: 0px auto;padding: 0px;\" ><div  class=\"x-column x-sm x-1-1\" style=\"padding: 0px 0px 25px; background-color:hsla(0, 0%, 0%, 0.6);\" ><h3  class=\"x-text-type cs-ta-center h3\" style=\"color: #ffffff;\" data-x-element=\"text_type\" data-x-params=\"{&quot;strings&quot;:[&quot;Ideen&quot;,&quot;Projekte&quot;,&quot;Konzepte&quot;],&quot;type_speed&quot;:50,&quot;start_delay&quot;:0,&quot;back_speed&quot;:50,&quot;back_delay&quot;:3000,&quot;loop&quot;:false,&quot;show_cursor&quot;:true,&quot;cursor&quot;:&quot;|&quot;}\"><span class=\"prefix\">Mit uns werden Ihre <\/span><span class=\"text\"><\/span><span class=\"suffix\">zur Realit\u00e4t.<\/span><\/h3><\/div><\/div><\/div><div id=\"x-section-2\" class=\"x-section cs-ta-center\" style=\"margin: 0px;padding: 25px 0px 10px;border-style: solid;border-width: 0px;border-color: #e5e5e5; background-color: #ffffff;\" ><div id=\"\" class=\"x-container max width\" style=\"margin: 0px auto;padding: 0px;\" ><div  class=\"x-column x-sm x-1-1\" style=\"padding: 0px;\" ><h2  class=\"h-custom-headline man h2\" ><span>Willkommen!<\/span><\/h2><hr  class=\"x-hr\" style=\"border-top-width: 1px;\"><div id=\"\" class=\"x-text cs-ta-justify\" style=\"\" ><p>Sie suchen einen verl\u00e4sslichen Partner, der Ihre Ideen umsetzen kann? Dann sind Sie bei uns richtig! <\/p>\n<p>Sie haben eine Idee, wir setzen diese um: Point of Sale, Dispenser, Promotiondesk, Shopeinrichtung, Hoteleinrichtung, Bareinrichtung, Schilder, Leuchtwerbung, &#8230; &#8211; das sind nur einige unserer Projekte.<\/p>\n<p>Sie ben\u00f6tigen f\u00fcr Ihr Projekt gleich die passenden Drucksorten wie Flyer, Brosch\u00fcren, Visitenkarten, &#8230;? Unser Motto &#8211; &#8222;Alles aus einer Hand&#8220;!<\/p>\n<\/div><\/div><\/div><\/div><div id=\"x-section-3\" class=\"x-section cs-ta-center\" style=\"margin: 0px;padding: 45px 0px 10px; background-color: #272727;\" ><div id=\"\" class=\"x-container max width\" style=\"margin: 0px auto;padding: 0px;\" ><div  class=\"x-column x-sm x-1-2\" style=\"padding: 0px;\" ><ul  class=\"x-feature-list\"  data-x-element=\"feature_list\" data-x-params=\"{&quot;animationOffset&quot;:&quot;50&quot;,&quot;animationDelayInitial&quot;:&quot;0&quot;,&quot;animationDelayBetween&quot;:&quot;300&quot;}\"><li  class=\"x-feature-box left-text middle-text cf\" style=\" max-width: none;\" data-x-element=\"feature_box\" data-x-params=\"{&quot;child&quot;:true,&quot;graphicAnimation&quot;:&quot;jello&quot;,&quot;connectorAnimation&quot;:&quot;zoomIn&quot;,&quot;alignH&quot;:&quot;left&quot;,&quot;alignV&quot;:&quot;middle&quot;}\"><span class=\"x-feature-box-connector upper animated-hide\" style=\"font-size: 60px; left: 0; right: calc(100% - 60px); border-left: 3px dotted hsl(0, 0%, 100%);\"><\/span><span class=\"x-feature-box-connector lower animated-hide\" style=\"font-size: 60px; left: 0; right: calc(100% - 60px); border-left: 3px dotted hsl(0, 0%, 100%);\"><\/span><div class=\"x-feature-box-graphic circle x-feature-box-align-v-middle\"><div class=\"x-feature-box-graphic-outer circle\" style=\" margin-right: 40px;\"><div class=\"x-feature-box-graphic-inner circle\" style=\"font-size: 60px;\"><img class=\"circle\" src=\"http:\/\/www.hatzigmoser.at\/wp-content\/uploads\/2017\/03\/illu1.png\" style=\"margin: 0 auto;\"><\/div><\/div><\/div><div class=\"x-feature-box-content x-feature-box-align-v-middle\"><h4 class=\"x-feature-box-title\" style=\"color: hsl(39, 99%, 48%);\">Idee<\/h4><p class=\"x-feature-box-text\" style=\"color: hsl(0, 0%, 100%);\">Am Anfang steht die Idee &#8211; im ersten Brainstorming werden die besten \u00dcberlegungen gesammelt und zur Planung \u00fcbergeben.<\/p><\/div><\/li><li  class=\"x-feature-box left-text middle-text cf\" style=\" max-width: none;\" data-x-element=\"feature_box\" data-x-params=\"{&quot;child&quot;:true,&quot;graphicAnimation&quot;:&quot;jello&quot;,&quot;connectorAnimation&quot;:&quot;zoomIn&quot;,&quot;alignH&quot;:&quot;left&quot;,&quot;alignV&quot;:&quot;middle&quot;}\"><span class=\"x-feature-box-connector upper animated-hide\" style=\"font-size: 60px; left: 0; right: calc(100% - 60px); border-left: 3px dotted hsl(0, 0%, 100%);\"><\/span><span class=\"x-feature-box-connector lower animated-hide\" style=\"font-size: 60px; left: 0; right: calc(100% - 60px); border-left: 3px dotted hsl(0, 0%, 100%);\"><\/span><div class=\"x-feature-box-graphic circle x-feature-box-align-v-middle\"><div class=\"x-feature-box-graphic-outer circle\" style=\" margin-right: 40px;\"><div class=\"x-feature-box-graphic-inner circle\" style=\"font-size: 60px;\"><img class=\"circle\" src=\"http:\/\/www.hatzigmoser.at\/wp-content\/uploads\/2017\/03\/illu2.png\" style=\"margin: 0 auto;\"><\/div><\/div><\/div><div class=\"x-feature-box-content x-feature-box-align-v-middle\"><h4 class=\"x-feature-box-title\" style=\"color: hsl(0, 0%, 51%);\">Planung ...<\/h4><p class=\"x-feature-box-text\" style=\"color: hsl(0, 0%, 100%);\">&#8230; von 2D- oder 3D-Skizze bis zu Real-3D-Visualisierungen oder detaillierten Konstruktions-Pl\u00e4nen &#8211; alles ist m\u00f6glich.<\/p><\/div><\/li><\/ul><\/div><div  class=\"x-column x-sm x-1-2\" style=\"padding: 0px;\" ><ul  class=\"x-feature-list\"  data-x-element=\"feature_list\" data-x-params=\"{&quot;animationOffset&quot;:&quot;50&quot;,&quot;animationDelayInitial&quot;:&quot;500&quot;,&quot;animationDelayBetween&quot;:&quot;300&quot;}\"><li  class=\"x-feature-box left-text middle-text cf\" style=\" max-width: none;\" data-x-element=\"feature_box\" data-x-params=\"{&quot;child&quot;:true,&quot;graphicAnimation&quot;:&quot;jello&quot;,&quot;connectorAnimation&quot;:&quot;zoomIn&quot;,&quot;alignH&quot;:&quot;left&quot;,&quot;alignV&quot;:&quot;middle&quot;}\"><span class=\"x-feature-box-connector upper animated-hide\" style=\"font-size: 60px; left: 0; right: calc(100% - 60px); border-left: 3px dotted hsl(0, 0%, 100%);\"><\/span><span class=\"x-feature-box-connector lower animated-hide\" style=\"font-size: 60px; left: 0; right: calc(100% - 60px); border-left: 3px dotted hsl(0, 0%, 100%);\"><\/span><div class=\"x-feature-box-graphic circle x-feature-box-align-v-middle\"><div class=\"x-feature-box-graphic-outer circle\" style=\" margin-right: 40px;\"><div class=\"x-feature-box-graphic-inner circle\" style=\"font-size: 60px;\"><img class=\"circle\" src=\"http:\/\/www.hatzigmoser.at\/wp-content\/uploads\/2017\/03\/illu3.png\" style=\"margin: 0 auto;\"><\/div><\/div><\/div><div class=\"x-feature-box-content x-feature-box-align-v-middle\"><h4 class=\"x-feature-box-title\" style=\"color: hsl(193, 100%, 45%);\">Stillstand ist ...<\/h4><p class=\"x-feature-box-text\" style=\"color: hsl(0, 0%, 100%);\">&#8230; R\u00fcckschritt &#8211; nicht mit uns! Wir sind st\u00e4ndig auf der Suche nach neuen Materialien und Innovationen. <\/p>\n<\/p><\/div><\/li><li  class=\"x-feature-box left-text middle-text cf\" style=\" max-width: none;\" data-x-element=\"feature_box\" data-x-params=\"{&quot;child&quot;:true,&quot;graphicAnimation&quot;:&quot;jello&quot;,&quot;connectorAnimation&quot;:&quot;zoomIn&quot;,&quot;alignH&quot;:&quot;left&quot;,&quot;alignV&quot;:&quot;middle&quot;}\"><span class=\"x-feature-box-connector upper animated-hide\" style=\"font-size: 60px; left: 0; right: calc(100% - 60px); border-left: 3px dotted hsl(0, 0%, 100%);\"><\/span><span class=\"x-feature-box-connector lower animated-hide\" style=\"font-size: 60px; left: 0; right: calc(100% - 60px); border-left: 3px dotted hsl(0, 0%, 100%);\"><\/span><div class=\"x-feature-box-graphic square x-feature-box-align-v-middle\"><div class=\"x-feature-box-graphic-outer square\" style=\" margin-right: 40px;\"><div class=\"x-feature-box-graphic-inner square\" style=\"font-size: 60px;\"><img class=\"square\" src=\"http:\/\/www.hatzigmoser.at\/wp-content\/uploads\/2017\/03\/illu4.png\" style=\"margin: 0 auto;\"><\/div><\/div><\/div><div class=\"x-feature-box-content x-feature-box-align-v-middle\"><h4 class=\"x-feature-box-title\" style=\"color: hsl(0, 0%, 79%);\">Montage<\/h4><p class=\"x-feature-box-text\" style=\"color: hsl(0, 0%, 100%);\">Qualit\u00e4t auf h\u00f6chstem Niveau &#8211; mit unserem geschulten Montage-Team oder professionellen Partnern immer vor Ort.<\/p><\/div><\/li><\/ul><\/div><\/div><\/div><div id=\"x-section-4\" class=\"x-section cs-ta-center\" style=\"margin: 0px;padding: 45px 0px 10px; background-color: #fafafa;\" ><div id=\"\" class=\"x-container max width\" style=\"margin: 0px auto;padding: 0px;\" ><div  class=\"x-column x-sm x-1-1\" style=\"padding: 0px;\" ><h2  class=\"h-custom-headline man h2\" ><span>Kunden &#038; Partner<\/span><\/h2><hr  class=\"x-hr\" style=\"border-top-width: 1px;\"><div id=\"\" class=\"x-text\" style=\"\" ><p>Erfolgreiche Auftr\u00e4ge &#8211; zufriedene Kunden:<\/p>\n<\/div><\/div><\/div><div id=\"\" class=\"x-container max width\" style=\"margin: 0px auto 25px;padding: 0px 125px;\" ><div  class=\"x-column x-sm x-1-4\" style=\"padding: 0px;\" ><a  class=\"x-img man x-img-link x-img-thumbnail\" style=\"min-width:75px;min-height:75px;\" href=\"http:\/\/www.sky.at\"  target=\"_blank\" rel=\"\"   data-options=\"thumbnail: 'http:\/\/www.hatzigmoser.at\/wp-content\/uploads\/2017\/03\/sky.png'\"><img src=\"http:\/\/www.hatzigmoser.at\/wp-content\/uploads\/2017\/03\/sky.png\" alt=\"SKY \u00d6sterreich\"><\/a><hr  class=\"x-gap cs-hide-xl cs-hide-lg cs-hide-md\" style=\"margin: 15px 0 0 0;\"><\/div><div  class=\"x-column x-sm x-1-4\" style=\"padding: 0px;\" ><a  class=\"x-img man x-img-link x-img-thumbnail\" style=\"min-width:75px;min-height:75px;\" href=\"http:\/\/scs.at\"  target=\"_blank\" rel=\"\"   data-options=\"thumbnail: 'http:\/\/www.hatzigmoser.at\/wp-content\/uploads\/2017\/03\/scs.png'\"><img src=\"http:\/\/www.hatzigmoser.at\/wp-content\/uploads\/2017\/03\/scs.png\" alt=\"Shopping City S\u00fcd\"><\/a><hr  class=\"x-gap cs-hide-xl cs-hide-lg cs-hide-md\" style=\"margin: 15px 0 0 0;\"><\/div><div  class=\"x-column x-sm x-1-4\" style=\"padding: 0px;\" ><a  class=\"x-img man x-img-link x-img-thumbnail\" style=\"min-width:75px;min-height:75px;\" href=\"http:\/\/donauzentrum.at\"  target=\"_blank\" rel=\"\"   data-options=\"thumbnail: 'http:\/\/www.hatzigmoser.at\/wp-content\/uploads\/2017\/03\/dz.png'\"><img src=\"http:\/\/www.hatzigmoser.at\/wp-content\/uploads\/2017\/03\/dz.png\" alt=\"Donauzentrum\"><\/a><hr  class=\"x-gap cs-hide-xl cs-hide-lg cs-hide-md\" style=\"margin: 15px 0 0 0;\"><\/div><div  class=\"x-column x-sm x-1-4\" style=\"padding: 0px;\" ><a  class=\"x-img man x-img-link x-img-thumbnail\" style=\"min-width:75px;min-height:75px;\" href=\"http:\/\/scn.at\"  target=\"_blank\" rel=\"\"   data-options=\"thumbnail: 'http:\/\/www.hatzigmoser.at\/wp-content\/uploads\/2017\/03\/scn.png'\"><img src=\"http:\/\/www.hatzigmoser.at\/wp-content\/uploads\/2017\/03\/scn.png\" alt=\"Shopping Center Nord\"><\/a><hr  class=\"x-gap cs-hide-xl cs-hide-lg cs-hide-md\" style=\"margin: 15px 0 0 0;\"><\/div><\/div><div id=\"\" class=\"x-container max width\" style=\"margin: 0px auto 25px;padding: 0px 125px;\" ><div  class=\"x-column x-sm x-1-4\" style=\"padding: 0px;\" ><a  class=\"x-img man x-img-link x-img-thumbnail\" style=\"min-width:75px;min-height:75px;\" href=\"http:\/\/www.pannoniatower.at\"  target=\"_blank\" rel=\"\"   data-options=\"thumbnail: 'http:\/\/www.hatzigmoser.at\/wp-content\/uploads\/2017\/03\/pannoniatower.png'\"><img src=\"http:\/\/www.hatzigmoser.at\/wp-content\/uploads\/2017\/03\/pannoniatower.png\" alt=\"Pannonia Tower Hotel Parndorf\"><\/a><hr  class=\"x-gap cs-hide-xl cs-hide-lg cs-hide-md\" style=\"margin: 15px 0 0 0;\"><\/div><div  class=\"x-column x-sm x-1-4\" style=\"padding: 0px;\" ><a  class=\"x-img man x-img-link x-img-thumbnail\" style=\"min-width:75px;min-height:75px;\" href=\"https:\/\/www.facebook.com\/fashionbarparndorf\/\"  target=\"_blank\" rel=\"\"   data-options=\"thumbnail: 'http:\/\/www.hatzigmoser.at\/wp-content\/uploads\/2017\/03\/fashionbar.png'\"><img src=\"http:\/\/www.hatzigmoser.at\/wp-content\/uploads\/2017\/03\/fashionbar.png\" alt=\"Fashionbar Parndorf\"><\/a><hr  class=\"x-gap cs-hide-xl cs-hide-lg cs-hide-md\" style=\"margin: 15px 0 0 0;\"><\/div><div  class=\"x-column x-sm x-1-4\" style=\"padding: 0px;\" ><a  class=\"x-img man x-img-link x-img-thumbnail\" style=\"min-width:75px;min-height:75px;\" href=\"http:\/\/www.oldie-point.at\"  target=\"_blank\" rel=\"\"   data-options=\"thumbnail: 'http:\/\/www.hatzigmoser.at\/wp-content\/uploads\/2017\/03\/oldiepoint.png'\"><img src=\"http:\/\/www.hatzigmoser.at\/wp-content\/uploads\/2017\/03\/oldiepoint.png\" alt=\"Oldie Point J\u00fcly\"><\/a><hr  class=\"x-gap cs-hide-xl cs-hide-lg cs-hide-md\" style=\"margin: 15px 0 0 0;\"><\/div><div  class=\"x-column x-sm x-1-4\" style=\"padding: 0px;\" ><a  class=\"x-img man x-img-link x-img-thumbnail\" style=\"min-width:75px;min-height:75px;\" href=\"http:\/\/www.bk-forchtenstein.at\"  target=\"_blank\" rel=\"\"   data-options=\"thumbnail: 'http:\/\/www.hatzigmoser.at\/wp-content\/uploads\/2017\/03\/bk.png'\"><img src=\"http:\/\/www.hatzigmoser.at\/wp-content\/uploads\/2017\/03\/bk.png\" alt=\"Betonsteinwerk Forchtenstein\"><\/a><hr  class=\"x-gap cs-hide-xl cs-hide-lg cs-hide-md\" style=\"margin: 15px 0 0 0;\"><\/div><\/div><div id=\"\" class=\"x-container max width\" style=\"margin: 0px auto;padding: 0px;\" ><div  class=\"x-column x-sm x-1-1\" style=\"padding: 0px;\" ><div id=\"\" class=\"x-text\" style=\"\" ><p>&#8230; und viele mehr &#8230;.<br \/>\nWir hoffen, Sie zuk\u00fcnftig zu unseren Kunden z\u00e4hlen zu d\u00fcrfen.<\/p>\n<\/div><\/div><\/div><\/div><div id=\"x-section-5\" class=\"x-section cs-ta-center\" style=\"margin: 0px;padding: 45px 0px 10px; background-color: #272727;\" ><div id=\"\" class=\"x-container max width\" style=\"margin: 0px auto 20px;padding: 0px;\" ><div  class=\"x-column x-sm x-1-1\" style=\"padding: 0px;\" ><h2  class=\"h-custom-headline man h2\" style=\"color: #fff;\"><span>Referenzen<\/span><\/h2><\/div><\/div><div id=\"\" class=\"x-container max width\" style=\"margin: 0px auto 15px;padding: 0px;\" ><div  class=\"x-column x-sm x-1-4\" style=\"padding: 0px;\" ><img  class=\"x-img man x-img-rounded\"  src=\"http:\/\/www.hatzigmoser.at\/wp-content\/uploads\/2017\/03\/wavebench-300x300px.jpg\" alt=\"SKY Wavebench\"><hr  class=\"x-gap cs-hide-xl cs-hide-lg cs-hide-md\" style=\"margin: 15px 0 0 0;\"><div id=\"\" class=\"x-text\" style=\"color:#ffffff;font-size:8pt;\" ><p>SKY Wavebench<\/p>\n<\/div><hr  class=\"x-gap\" style=\"margin: 30px 0 0 0;\"><\/div><div  class=\"x-column x-sm x-1-4\" style=\"padding: 0px;\" ><img  class=\"x-img man x-img-rounded\"  src=\"http:\/\/www.hatzigmoser.at\/wp-content\/uploads\/2017\/03\/dispenser-300px.jpg\" alt=\"Newspaper Dispenser\"><hr  class=\"x-gap cs-hide-xl cs-hide-lg cs-hide-md\" style=\"margin: 15px 0 0 0;\"><div id=\"\" class=\"x-text\" style=\"color:#ffffff;font-size:8pt;\" ><p>Newspaper Dispenser<\/p>\n<\/div><hr  class=\"x-gap\" style=\"margin: 30px 0 0 0;\"><\/div><div  class=\"x-column x-sm x-1-4\" style=\"padding: 0px;\" ><img  class=\"x-img man x-img-rounded\"  src=\"http:\/\/www.hatzigmoser.at\/wp-content\/uploads\/2017\/03\/omellis-300px.jpg\" alt=\"Omellis Huma\"><hr  class=\"x-gap cs-hide-xl cs-hide-lg cs-hide-md\" style=\"margin: 15px 0 0 0;\"><div id=\"\" class=\"x-text\" style=\"color:#ffffff;font-size:8pt;\" ><p>Kiosk Shopping Mall<\/p>\n<\/div><hr  class=\"x-gap\" style=\"margin: 30px 0 0 0;\"><\/div><div  class=\"x-column x-sm x-1-4\" style=\"padding: 0px;\" ><img  class=\"x-img man x-img-rounded\"  src=\"http:\/\/www.hatzigmoser.at\/wp-content\/uploads\/2017\/03\/pannoniatowerhotel-300px.jpg\" alt=\"Pannonia Tower Hotel Parndorf\"><div id=\"\" class=\"x-text\" style=\"color:#ffffff;font-size:8pt;\" ><p>Pannonia Tower Hotel<\/p>\n<\/div><hr  class=\"x-gap\" style=\"margin: 30px 0 0 0;\"><\/div><\/div><div id=\"\" class=\"x-container max width\" style=\"margin: 0px auto 20px;padding: 0px;\" ><div  class=\"x-column x-sm x-1-1\" style=\"padding: 0px;\" ><div id=\"\" class=\"x-text\" style=\"color: #ffffff;\" ><p>Ihr Projekt k\u00f6nnte das n\u00e4chste sein!<\/p>\n<\/div><\/div><\/div><div id=\"\" class=\"x-container max width\" style=\"margin: 0px auto 20px;padding: 0px;\" ><div  class=\"x-column x-sm x-1-4\" style=\"padding: 0px;\" ><img  class=\"x-img man x-img-rounded\"  src=\"http:\/\/www.hatzigmoser.at\/wp-content\/uploads\/2017\/03\/putzwagen-300px.jpg\" alt=\"Putzwagen\"><hr  class=\"x-gap cs-hide-xl cs-hide-lg cs-hide-md\" style=\"margin: 15px 0 0 0;\"><div id=\"\" class=\"x-text\" style=\"color:#ffffff;font-size:8pt;\" ><p>Cleaning Trolley<\/p>\n<\/div><hr  class=\"x-gap\" style=\"margin: 30px 0 0 0;\"><\/div><div  class=\"x-column x-sm x-1-4\" style=\"padding: 0px;\" ><img  class=\"x-img man x-img-rounded\"  src=\"http:\/\/www.hatzigmoser.at\/wp-content\/uploads\/2017\/03\/kindersessel-300px.jpg\" alt=\"Kindersessel\"><hr  class=\"x-gap cs-hide-xl cs-hide-lg cs-hide-md\" style=\"margin: 15px 0 0 0;\"><div id=\"\" class=\"x-text\" style=\"color:#ffffff;font-size:8pt;\" ><p>Kindersessel<\/p>\n<\/div><hr  class=\"x-gap\" style=\"margin: 30px 0 0 0;\"><\/div><div  class=\"x-column x-sm x-1-4\" style=\"padding: 0px;\" ><img  class=\"x-img man x-img-rounded\"  src=\"http:\/\/www.hatzigmoser.at\/wp-content\/uploads\/2017\/03\/fashionbar-300px.jpg\" alt=\"Fashionbar Parndorf\"><hr  class=\"x-gap cs-hide-xl cs-hide-lg cs-hide-md\" style=\"margin: 15px 0 0 0;\"><div id=\"\" class=\"x-text\" style=\"color:#ffffff;font-size:8pt;\" ><p>Fashionbar Parndorf<\/p>\n<\/div><hr  class=\"x-gap\" style=\"margin: 30px 0 0 0;\"><\/div><div  class=\"x-column x-sm x-1-4\" style=\"padding: 0px;\" ><img  class=\"x-img man x-img-rounded\"  src=\"http:\/\/www.hatzigmoser.at\/wp-content\/uploads\/2017\/03\/schenzelwallner-300px.jpg\" alt=\"Schenzel Wallner\"><div id=\"\" class=\"x-text\" style=\"color:#ffffff;font-size:8pt;\" ><p>Schenzel Wallner<\/p>\n<\/div><hr  class=\"x-gap\" style=\"margin: 30px 0 0 0;\"><\/div><\/div><div id=\"\" class=\"x-container max width\" style=\"margin: 0px auto;padding: 0px;\" ><div  class=\"x-column x-sm x-1-1\" style=\"padding: 0px;\" ><div id=\"\" class=\"x-text\" style=\"color: #ffffff;\" ><p>Nicht gefunden was Sie gesucht haben?<br \/>\nSie haben eine Idee, wir setzen Sie um. Unter Produkte finden Sie<br \/>\nnoch einiges mehr\u00a0an Umsetzungsm\u00f6glichkeiten.<\/p>\n<\/div><\/div><\/div><\/div><div id=\"x-section-6\" class=\"x-section cs-ta-center\" style=\"margin: 0px;padding: 0px; background-color: #ffffff;\" ><div id=\"\" class=\"x-container marginless-columns\" style=\"margin: 0px auto;padding: 0px;\" ><div  class=\"x-column x-sm x-1-3\" style=\"padding: 5%; background-color:#f5f5f5;\" ><h2  class=\"h-custom-headline man h3\" ><span>Alles aus einer Hand<\/span><\/h2><hr  class=\"x-gap\" style=\"margin: 15px 0 0 0;\"><div id=\"\" class=\"x-text cs-ta-justify\" style=\"\" ><p>Von der Idee und Planung bis zur Produktion und Montage \u2013 wir begleiten Sie vom Anfang bis zum Ende, von der ersten \u00dcberlegung bis zum Aufbau.<\/p>\n<\/div><hr  class=\"x-gap\" style=\"margin: 15px 0 0 0;\"><ul id=\"\" class=\"x-ul-icons mvn\" style=\"\" ><li id=\"\" class=\"x-li-icon\" style=\"\" ><i class=\"x-icon-check\" aria-hidden=\"true\" style=\"\" data-x-icon-s=\"&#xf00c;\" ><\/i>Idee<\/li><li id=\"\" class=\"x-li-icon\" style=\"\" ><i class=\"x-icon-check\" aria-hidden=\"true\" style=\"\" data-x-icon-s=\"&#xf00c;\" ><\/i>Planung<\/li><li id=\"\" class=\"x-li-icon\" style=\"\" ><i class=\"x-icon-check\" aria-hidden=\"true\" style=\"\" data-x-icon-s=\"&#xf00c;\" ><\/i>Produktion<\/li><li id=\"\" class=\"x-li-icon\" style=\"\" ><i class=\"x-icon-check\" aria-hidden=\"true\" style=\"\" data-x-icon-s=\"&#xf00c;\" ><\/i>Montage<\/li><\/ul><\/div><div  class=\"x-column x-sm x-1-3\" style=\"padding: 5%; background-color:#e5e5e5;\" ><h2  class=\"h-custom-headline man h3\" ><span>Vielzahl an Materialien<\/span><\/h2><hr  class=\"x-gap\" style=\"margin: 15px 0 0 0;\"><div id=\"\" class=\"x-text cs-ta-justify\" style=\"\" ><p>Wir bieten Ihnen viele verschiedene Materialien zur Auswahl.<\/p>\n<\/div><hr  class=\"x-gap\" style=\"margin: 15px 0 0 0;\"><ul id=\"\" class=\"x-ul-icons mvn\" style=\"\" ><li id=\"\" class=\"x-li-icon\" style=\"\" ><i class=\"x-icon-check\" aria-hidden=\"true\" style=\"\" data-x-icon-s=\"&#xf00c;\" ><\/i>Mineralverbundwekstoff<\/li><li id=\"\" class=\"x-li-icon\" style=\"\" ><i class=\"x-icon-check\" aria-hidden=\"true\" style=\"\" data-x-icon-s=\"&#xf00c;\" ><\/i>M\u00f6belholz<\/li><li id=\"\" class=\"x-li-icon\" style=\"\" ><i class=\"x-icon-check\" aria-hidden=\"true\" style=\"\" data-x-icon-s=\"&#xf00c;\" ><\/i>Aluminiumverbund<\/li><li id=\"\" class=\"x-li-icon\" style=\"\" ><i class=\"x-icon-check\" aria-hidden=\"true\" style=\"\" data-x-icon-s=\"&#xf00c;\" ><\/i>Plexiglas<\/li><li id=\"\" class=\"x-li-icon\" style=\"\" ><i class=\"x-icon-check\" aria-hidden=\"true\" style=\"\" data-x-icon-s=\"&#xf00c;\" ><\/i>viele andere auf Anfrage<\/li><\/ul><\/div><div  class=\"x-column x-sm x-1-3\" style=\"padding: 5%; background-color:#d5d5d5;\" ><h2  class=\"h-custom-headline man h3\" ><span>Noch mehr M\u00f6glichkeiten<\/span><\/h2><hr  class=\"x-gap\" style=\"margin: 15px 0 0 0;\"><div id=\"\" class=\"x-text cs-ta-justify\" style=\"\" ><p class=\"man\">Mit LED-Beleuchtung schaffen Sie einen weiteren Eye-Catcher der Ihre Kunden magisch anzieht. Teilen Sie uns Ihre Idee mit, wir zeigen\u00a0Ihnen die M\u00f6glichkeiten.<\/p>\n<\/div><hr  class=\"x-gap\" style=\"margin: 15px 0 0 0;\"><\/div><\/div><\/div><\/div>\n","protected":false},"excerpt":{"rendered":"Mit uns werden Ihre zur Realit\u00e4t.Willkommen!Sie suchen einen verl\u00e4sslichen Partner, der Ihre Ideen umsetzen kann? Dann sind Sie bei uns richtig! Sie haben eine Idee, wir setzen diese um: Point of Sale, Dispenser, Promotiondesk, Shopeinrichtung, Hoteleinrichtung, Bareinrichtung, Schilder, Leuchtwerbung, ... - das sind nur einige unserer Projekte. Sie ben\u00f6tigen f\u00fcr Ihr Projekt gleich die passenden Drucksorten wie Flyer, Brosch\u00fcren, Visitenkarten, ... <a href=\"https:\/\/www.hatzigmoser.at\/\" class=\"more-link\">Read More<\/a>","protected":false},"author":1,"featured_media":0,"parent":0,"menu_order":0,"comment_status":"closed","ping_status":"closed","template":"template-blank-4.php","meta":[],"_links":{"self":[{"href":"https:\/\/www.hatzigmoser.at\/index.php?rest_route=\/wp\/v2\/pages\/487"}],"collection":[{"href":"https:\/\/www.hatzigmoser.at\/index.php?rest_route=\/wp\/v2\/pages"}],"about":[{"href":"https:\/\/www.hatzigmoser.at\/index.php?rest_route=\/wp\/v2\/types\/page"}],"author":[{"embeddable":true,"href":"https:\/\/www.hatzigmoser.at\/index.php?rest_route=\/wp\/v2\/users\/1"}],"replies":[{"embeddable":true,"href":"https:\/\/www.hatzigmoser.at\/index.php?rest_route=%2Fwp%2Fv2%2Fcomments&post=487"}],"version-history":[{"count":77,"href":"https:\/\/www.hatzigmoser.at\/index.php?rest_route=\/wp\/v2\/pages\/487\/revisions"}],"predecessor-version":[{"id":605,"href":"https:\/\/www.hatzigmoser.at\/index.php?rest_route=\/wp\/v2\/pages\/487\/revisions\/605"}],"wp:attachment":[{"href":"https:\/\/www.hatzigmoser.at\/index.php?rest_route=%2Fwp%2Fv2%2Fmedia&parent=487"}],"curies":[{"name":"wp","href":"https:\/\/api.w.org\/{rel}","templated":true}]}}