{"id":421,"date":"2015-05-28T03:18:32","date_gmt":"2015-05-28T01:18:32","guid":{"rendered":"http:\/\/www.hatzigmoser.at\/?page_id=421"},"modified":"2015-05-28T11:22:54","modified_gmt":"2015-05-28T09:22:54","slug":"drucksorten","status":"publish","type":"page","link":"https:\/\/www.hatzigmoser.at\/?page_id=421","title":{"rendered":"Drucksorten"},"content":{"rendered":"[vc_row no_margin=&#8220;true&#8220; padding_top=&#8220;0&#8243; padding_bottom=&#8220;0&#8243; border=&#8220;none&#8220;][vc_column width=&#8220;1\/1&#8243;]<h4>Wir stehen f\u00fcr &#8222;Alles aus einer Hand&#8220;.<\/h4>\n<p>Egal ob Sie etwas f\u00fcr den\u00a0B\u00fcroalltag ben\u00f6tigen, oder Werbung machen m\u00f6chten, wir finden das \u00a0richtige Produkt f\u00fcr Ihre Bed\u00fcrfnisse. Sie w\u00fcnschen &#8211; wir realisieren.<\/p>\n<h5><i  class=\"x-icon x-icon-toggle-right\" data-x-icon-s=\"&#xf152;\" aria-hidden=\"true\"><\/i> B\u00fcrodrucksorten<\/h5>\n<p>Visitenkarten, Briefpapier, Kuverts, Bl\u00f6cke, Stempel, uvm&#8230;<\/p>\n<h5><i  class=\"x-icon x-icon-toggle-right\" data-x-icon-s=\"&#xf152;\" aria-hidden=\"true\"><\/i> Werbedrucksorten<\/h5>\n<p>Flyer, Folder, Plakate, Magazine und Kataloge, Aufkleber, Transparente, Fahnen, Roll-Ups, uvm&#8230;<\/p>\n<h5><i  class=\"x-icon x-icon-toggle-right\" data-x-icon-s=\"&#xf152;\" aria-hidden=\"true\"><\/i> Webpr\u00e4senz<\/h5>\n<p>Ein\u00a0frischer Wind f\u00fcr Ihre\u00a0Homepage? Die ersten Schritte im Social Media? Vom Kleinbetrieb bis zum international t\u00e4tigen\u00a0Unternehmen.<\/p>\n<hr style=\"border: solid #00b6e6 1px;\" \/>\n<h5>W\u00fcnschen Sie ein erstes Gespr\u00e4ch?<\/h5>\n<p>Vom Ideenaustausch, \u00fcber den\u00a0Entwurf, bis zum Endprodukt &#8211; wir begleiten Sie.<\/p>\n[\/vc_column][\/vc_row][vc_row no_margin=&#8220;true&#8220; padding_top=&#8220;0&#8243; padding_bottom=&#8220;10px&#8220; border=&#8220;none&#8220;][vc_column width=&#8220;1\/3&#8243;]<p>Kontaktieren Sie uns:<\/p>\n<p><img loading=\"lazy\" src=\"http:\/\/www.hatzigmoser.at\/wp-content\/uploads\/2015\/05\/logo-dh-300.png\" alt=\"Dominik Hatzigmoser\" width=\"180px\" height=\"180px\" \/><\/p>\n<p>Dominik Hatzigmoser<br \/>\nPublic Relations Berater<br \/>\n<span style=\"font-size: small;\"><i  class=\"x-icon x-icon-phone\" data-x-icon-s=\"&#xf095;\" aria-hidden=\"true\"><\/i> 0676 916 96 59<br \/>\n<i  class=\"x-icon x-icon-envelope\" data-x-icon-s=\"&#xf0e0;\" aria-hidden=\"true\"><\/i>\u00a0<a href=\"mailto:dominik@hatzigmoser.at\">dominik@hatzigmoser.at<\/a><\/span><\/p>\n[\/vc_column][vc_column width=&#8220;2\/3&#8243;]<div role=\"form\" class=\"wpcf7\" id=\"wpcf7-f17-o1\" lang=\"de-DE\" dir=\"ltr\">\n<div class=\"screen-reader-response\"><p role=\"status\" aria-live=\"polite\" aria-atomic=\"true\"><\/p> <ul><\/ul><\/div>\n<form action=\"\/index.php?rest_route=%2Fwp%2Fv2%2Fpages%2F421#wpcf7-f17-o1\" method=\"post\" class=\"wpcf7-form init\" novalidate=\"novalidate\" data-status=\"init\">\n<div style=\"display: none;\">\n<input type=\"hidden\" name=\"_wpcf7\" value=\"17\" \/>\n<input type=\"hidden\" name=\"_wpcf7_version\" value=\"5.6.1\" \/>\n<input type=\"hidden\" name=\"_wpcf7_locale\" value=\"de_DE\" \/>\n<input type=\"hidden\" name=\"_wpcf7_unit_tag\" value=\"wpcf7-f17-o1\" \/>\n<input type=\"hidden\" name=\"_wpcf7_container_post\" value=\"0\" \/>\n<input type=\"hidden\" name=\"_wpcf7_posted_data_hash\" value=\"\" \/>\n<\/div>\n<p>Ihr Name (Pflichtfeld)<br \/>\n    <span class=\"wpcf7-form-control-wrap\" data-name=\"your-name\"><input type=\"text\" name=\"your-name\" value=\"\" size=\"40\" class=\"wpcf7-form-control wpcf7-text wpcf7-validates-as-required\" aria-required=\"true\" aria-invalid=\"false\" \/><\/span> <\/p>\n<p>Ihre E-Mail-Adresse (Pflichtfeld)<br \/>\n    <span class=\"wpcf7-form-control-wrap\" data-name=\"your-email\"><input type=\"email\" name=\"your-email\" value=\"\" size=\"40\" class=\"wpcf7-form-control wpcf7-text wpcf7-email wpcf7-validates-as-required wpcf7-validates-as-email\" aria-required=\"true\" aria-invalid=\"false\" \/><\/span> <\/p>\n<p>Betreff<br \/>\n    <span class=\"wpcf7-form-control-wrap\" data-name=\"your-subject\"><input type=\"text\" name=\"your-subject\" value=\"\" size=\"40\" class=\"wpcf7-form-control wpcf7-text wpcf7-validates-as-required\" aria-required=\"true\" aria-invalid=\"false\" \/><\/span> <\/p>\n<p>Ihre Nachricht<br \/>\n    <span class=\"wpcf7-form-control-wrap\" data-name=\"your-message\"><textarea name=\"your-message\" cols=\"40\" rows=\"10\" class=\"wpcf7-form-control wpcf7-textarea\" aria-invalid=\"false\"><\/textarea><\/span> <\/p>\n<p><input type=\"hidden\" name=\"_wpcf7_captcha_challenge_captcha-258\" value=\"3225684232\" \/><img class=\"wpcf7-form-control wpcf7-captchac wpcf7-captcha-captcha-258\" width=\"72\" height=\"24\" alt=\"captcha\" src=\"https:\/\/www.hatzigmoser.at\/wp-content\/uploads\/wpcf7_captcha\/3225684232.png\" \/><br \/>\n<span class=\"wpcf7-form-control-wrap\" data-name=\"captcha-258\"><input type=\"text\" name=\"captcha-258\" value=\"\" size=\"40\" class=\"wpcf7-form-control wpcf7-captchar\" autocomplete=\"off\" aria-invalid=\"false\" \/><\/span><\/p>\n<p><input type=\"submit\" value=\"Senden\" class=\"wpcf7-form-control has-spinner wpcf7-submit\" \/><\/p>\n<div class=\"wpcf7-response-output\" aria-hidden=\"true\"><\/div><\/form><\/div>[\/vc_column][\/vc_row]\n","protected":false},"excerpt":{"rendered":"<p>[vc_row no_margin=&#8220;true&#8220; padding_top=&#8220;0&#8243; padding_bottom=&#8220;0&#8243; border=&#8220;none&#8220;][vc_column width=&#8220;1\/1&#8243;][\/vc_column][\/vc_row][vc_row no_margin=&#8220;true&#8220; padding_top=&#8220;0&#8243; padding_bottom=&#8220;10px&#8220; border=&#8220;none&#8220;][vc_column width=&#8220;1\/3&#8243;][\/vc_column][vc_column width=&#8220;2\/3&#8243;][\/vc_column][\/vc_row]<\/p>\n","protected":false},"author":1,"featured_media":0,"parent":0,"menu_order":0,"comment_status":"closed","ping_status":"open","template":"","meta":[],"_links":{"self":[{"href":"https:\/\/www.hatzigmoser.at\/index.php?rest_route=\/wp\/v2\/pages\/421"}],"collection":[{"href":"https:\/\/www.hatzigmoser.at\/index.php?rest_route=\/wp\/v2\/pages"}],"about":[{"href":"https:\/\/www.hatzigmoser.at\/index.php?rest_route=\/wp\/v2\/types\/page"}],"author":[{"embeddable":true,"href":"https:\/\/www.hatzigmoser.at\/index.php?rest_route=\/wp\/v2\/users\/1"}],"replies":[{"embeddable":true,"href":"https:\/\/www.hatzigmoser.at\/index.php?rest_route=%2Fwp%2Fv2%2Fcomments&post=421"}],"version-history":[{"count":31,"href":"https:\/\/www.hatzigmoser.at\/index.php?rest_route=\/wp\/v2\/pages\/421\/revisions"}],"predecessor-version":[{"id":467,"href":"https:\/\/www.hatzigmoser.at\/index.php?rest_route=\/wp\/v2\/pages\/421\/revisions\/467"}],"wp:attachment":[{"href":"https:\/\/www.hatzigmoser.at\/index.php?rest_route=%2Fwp%2Fv2%2Fmedia&parent=421"}],"curies":[{"name":"wp","href":"https:\/\/api.w.org\/{rel}","templated":true}]}}