{"id":235,"date":"2014-10-08T16:45:45","date_gmt":"2014-10-08T14:45:45","guid":{"rendered":"http:\/\/www.hatzigmoser.at\/?page_id=235"},"modified":"2015-05-28T11:12:17","modified_gmt":"2015-05-28T09:12:17","slug":"referenzen","status":"publish","type":"page","link":"https:\/\/www.hatzigmoser.at\/?page_id=235","title":{"rendered":"Produkte"},"content":{"rendered":"[vc_row no_margin=&#8220;true&#8220; padding_top=&#8220;0&#8243; padding_bottom=&#8220;10&#8243; border=&#8220;none&#8220;][vc_column width=&#8220;1\/3&#8243; fade=&#8220;&#8220; fade_animation=&#8220;in-from-bottom&#8220; fade_animation_offset=&#8220;150px&#8220;]<div  class=\"x-promo\" ><div class=\"x-promo-image-wrap\"><img src=\"https:\/\/www.hatzigmoser.at\/wp-content\/uploads\/2014\/10\/r_haid.jpg\" \/><\/div><div class=\"x-promo-content\"><strong><i  class=\"x-icon x-icon-arrow-circle-right\" data-x-icon-s=\"&#xf0a9;\" aria-hidden=\"true\"><\/i> POINT OF SALE<\/strong><\/p>\n<p>Point of Sales inklusive LED Beleuchtung &#8211; fixe Montage oder mobil f\u00fcr Messen.<\/p>\n<p style=\"text-align: right;\"><a href=\"#pos\"><strong>\u2026 MEHR &#8230;<\/strong><\/a><\/p>\n<\/div><\/div><div  class=\"x-promo\" ><div class=\"x-promo-image-wrap\"><img src=\"https:\/\/www.hatzigmoser.at\/wp-content\/uploads\/2014\/10\/Sky_MensCorner1.jpg\" \/><\/div><div class=\"x-promo-content\"><strong><i  class=\"x-icon x-icon-arrow-circle-right\" data-x-icon-s=\"&#xf0a9;\" aria-hidden=\"true\"><\/i>\u00a0SHOPEINRICHTUNG<\/strong><\/p>\n<p>Verkaufseinrichtung,\u00a0Men\u2019s Corner (zB. in Shopping-Malls), gem\u00fctliche Sitzm\u00f6glichkeiten, &#8230;<\/p>\n<p style=\"text-align: right;\"><a href=\"#shop\">\u2026 MEHR &#8230;<\/a><\/p>\n<\/div><\/div><div  class=\"x-promo\" ><div class=\"x-promo-image-wrap\"><img src=\"https:\/\/www.hatzigmoser.at\/wp-content\/uploads\/2014\/10\/r_schilder.jpg\" \/><\/div><div class=\"x-promo-content\"><strong><i  class=\"x-icon x-icon-arrow-circle-right\" data-x-icon-s=\"&#xf0a9;\" aria-hidden=\"true\"><\/i>\u00a0SCHILDER, TRANSPARENTE &amp; MEHR<\/strong><\/p>\n<p>Schilder, Transparente, Folienbeklebung, &#8230; &#8211; f\u00fcr innen &amp; au\u00dfen<\/p>\n<p style=\"text-align: right;\"><a href=\"#schild\">\u2026 MEHR &#8230;<\/a><\/p>\n<\/div><\/div>[\/vc_column][vc_column width=&#8220;1\/3&#8243; fade=&#8220;&#8220; fade_animation=&#8220;in-from-bottom&#8220; fade_animation_offset=&#8220;150px&#8220;]<div  class=\"x-promo\" ><div class=\"x-promo-image-wrap\"><img src=\"https:\/\/www.hatzigmoser.at\/wp-content\/uploads\/2014\/10\/r_dispenser.jpg\" \/><\/div><div class=\"x-promo-content\"><strong><i  class=\"x-icon x-icon-arrow-circle-right\" data-x-icon-s=\"&#xf0a9;\" aria-hidden=\"true\"><\/i> DISPENSER<\/strong><\/p>\n<p>Sehr edel aus Mineralverbundwerkstoff (Staron) zB. f\u00fcr Newspaper in Shopping-Malls.<\/div><\/div><div  class=\"x-promo\" ><div class=\"x-promo-image-wrap\"><img src=\"https:\/\/www.hatzigmoser.at\/wp-content\/uploads\/2014\/10\/PT3.jpg\" \/><\/div><div class=\"x-promo-content\"><strong><i  class=\"x-icon x-icon-arrow-circle-right\" data-x-icon-s=\"&#xf0a9;\" aria-hidden=\"true\"><\/i>\u00a0HOTELEINRICHTUNG<\/strong><\/p>\n<p>Beschriftung, Fassadenbemalung, Parkhaus-Beschilderung, Industriekletterer (Ger\u00fcst Ersparnis) &#8230;<\/div><\/div><div  class=\"x-promo\" ><div class=\"x-promo-image-wrap\"><img src=\"https:\/\/www.hatzigmoser.at\/wp-content\/uploads\/2014\/07\/schilder2.png\" \/><\/div><div class=\"x-promo-content\"><strong><i  class=\"x-icon x-icon-arrow-circle-right\" data-x-icon-s=\"&#xf0a9;\" aria-hidden=\"true\"><\/i>\u00a0LEUCHTWERBUNG<\/strong><\/p>\n<p>Elegante Buchstaben, flache LED-Leuchtk\u00e4sten, uvm. bringen Licht in Ihre Werbung.<\/p>\n<p style=\"text-align: right;\"><a href=\"#leucht\">\u2026 MEHR &#8230;<\/a><\/p>\n<\/div><\/div>[\/vc_column][vc_column width=&#8220;1\/3&#8243; fade=&#8220;&#8220; fade_animation=&#8220;in-from-bottom&#8220; fade_animation_offset=&#8220;150px&#8220;]<div  class=\"x-promo\" ><div class=\"x-promo-image-wrap\"><img src=\"https:\/\/www.hatzigmoser.at\/wp-content\/uploads\/2014\/10\/r_mobiledesk.jpg\" \/><\/div><div class=\"x-promo-content\"><strong><i  class=\"x-icon x-icon-arrow-circle-right\" data-x-icon-s=\"&#xf0a9;\" aria-hidden=\"true\"><\/i>\u00a0PROMOTION DESK<\/strong><\/p>\n<p>Mobile Promotion oder Welcome Desks f\u00fcr Shops, Malls, Messen, &#8230;<\/div><\/div><div  class=\"x-promo\" ><div class=\"x-promo-image-wrap\"><img src=\"https:\/\/www.hatzigmoser.at\/wp-content\/uploads\/2014\/10\/bar1.jpg\" \/><\/div><div class=\"x-promo-content\"><strong><i  class=\"x-icon x-icon-arrow-circle-right\" data-x-icon-s=\"&#xf0a9;\" aria-hidden=\"true\"><\/i>\u00a0BAREINRICHTUNG<\/strong><\/p>\n<p>RGB-Beleuchtung inkl. Farb-Ambiente, Tanzb\u00fchnen, Sitzm\u00f6glichkeiten, &#8230;<\/div><\/div><div  class=\"x-promo\" ><div class=\"x-promo-image-wrap\"><img src=\"https:\/\/www.hatzigmoser.at\/wp-content\/uploads\/2014\/10\/r_drucksorten.jpg\" \/><\/div><div class=\"x-promo-content\"><strong><i  class=\"x-icon x-icon-arrow-circle-right\" data-x-icon-s=\"&#xf0a9;\" aria-hidden=\"true\"><\/i> DRUCKSORTEN<\/strong><\/p>\n<p>Magazine, Visitenkarten, Briefpapier, Bl\u00f6cke, Merchandising-Artikel, \u2026<br \/>\nSie w\u00fcnschen, wir machen!<\/div><\/div>[\/vc_column][\/vc_row][vc_row no_margin=&#8220;true&#8220; padding_top=&#8220;0&#8243; padding_bottom=&#8220;0&#8243; border=&#8220;none&#8220; bg_pattern=&#8220;329&#8243; inner_container=&#8220;true&#8220;][vc_column width=&#8220;1\/1&#8243; fade_animation=&#8220;in&#8220; fade_animation_offset=&#8220;45px&#8220; id=&#8220;pos&#8220; style=&#8220;height: 90px;&#8220;][\/vc_column][\/vc_row][vc_row no_margin=&#8220;true&#8220; padding_top=&#8220;0&#8243; padding_bottom=&#8220;10&#8243; border=&#8220;none&#8220;][vc_column width=&#8220;1\/1&#8243;]<h3><strong><i  class=\"x-icon x-icon-arrow-circle-right\" data-x-icon-s=\"&#xf0a9;\" aria-hidden=\"true\"><\/i> POINT OF SALE<\/strong><\/h3>\n<p>Wir fertigen individuelle L\u00f6sungen f\u00fcr Ihre Pr\u00e4sentation: Promotionm\u00f6bel, Produktregale uvm.<\/p>\n<p>Wir verarbeiten: Mineralverbundwerkstoff (zB. Staron, Corian, usw.),\u00a0M\u00f6belholz, Metall, Aluminium, Aluverbundwerkstoffe, Plexiglas, Werkstoffkombinationen.\u00a0Eye-Catcher mit energiesparender LED-Technik \u2013 wei\u00df oder RGB, soft beleuchtet oder verlaufend gedimmt.<\/p>\n<h5><strong>AUF DIE DETAILS KOMMT ES AN<\/strong><\/h5>\n<p>Wir gestalten und produzieren individuelle Halterungen zB. f\u00fcr Tablets oder andere Elektronikger\u00e4te\u00a0aus diversen Werkstoffen &#8211;\u00a0optisch ansprechendes Design und diebstahlsicher &#8211; auf Wunsch inklusive Ger\u00e4te.<\/p>\n[\/vc_column][\/vc_row][vc_row no_margin=&#8220;true&#8220; padding_top=&#8220;0&#8243; padding_bottom=&#8220;0&#8243; border=&#8220;none&#8220; bg_pattern=&#8220;329&#8243;][vc_column width=&#8220;1\/1&#8243; fade_animation=&#8220;in&#8220; fade_animation_offset=&#8220;45px&#8220; id=&#8220;shop&#8220; style=&#8220;height: 90px;&#8220;][\/vc_column][\/vc_row][vc_row no_margin=&#8220;true&#8220; padding_top=&#8220;0&#8243; padding_bottom=&#8220;10&#8243; border=&#8220;none&#8220;][vc_column width=&#8220;1\/1&#8243;]<h3><strong><i  class=\"x-icon x-icon-arrow-circle-right\" data-x-icon-s=\"&#xf0a9;\" aria-hidden=\"true\"><\/i>\u00a0SHOPEINRICHTUNG<\/strong><\/h3>\n<p>Sie m\u00f6chten Ihr neues Gesch\u00e4ftslokal gestalten, oder Ihr bestehendes Ambiente renovieren?<\/p>\n<ul>\n<li>Men\u2019s Corner (zB. in Shopping-Malls &#8211; auch f\u00fcr Frauen ;-)\u00a0)<\/li>\n<li>Verkaufseinrichtung zB.\u00a0Auslagen<\/li>\n<li>beleuchtete Reklame<\/li>\n<li>gem\u00fctliche Sitzm\u00f6glichkeiten<\/li>\n<li>uvm.<\/li>\n<\/ul>\n<p>Es sind fast keine Grenzen gesetzt!<\/p>\n[\/vc_column][\/vc_row][vc_row no_margin=&#8220;true&#8220; padding_top=&#8220;0&#8243; padding_bottom=&#8220;0&#8243; border=&#8220;none&#8220; bg_pattern=&#8220;329&#8243;][vc_column width=&#8220;1\/1&#8243; fade_animation=&#8220;in&#8220; fade_animation_offset=&#8220;45px&#8220; id=&#8220;leucht&#8220; style=&#8220;height: 90px;&#8220;][\/vc_column][\/vc_row][vc_row no_margin=&#8220;true&#8220; padding_top=&#8220;0&#8243; padding_bottom=&#8220;10&#8243; border=&#8220;none&#8220;][vc_column width=&#8220;1\/1&#8243;]<h3><strong><i  class=\"x-icon x-icon-arrow-circle-right\" data-x-icon-s=\"&#xf0a9;\" aria-hidden=\"true\"><\/i>\u00a0LEUCHTWERBUNG<\/strong><\/h3>\n<p>Sie wollen effektiv auf Ihr Unternehmen aufmerksam machen? Bringen Sie Licht ins Dunkel und weisen den Leuten den Weg zu Ihnen \u2013 wetterfest, UV-best\u00e4ndig \u2013 mit Leuchtstoffr\u00f6hren oder LED!<\/p>\n<ul>\n<li>Leuchtk\u00e4sten oder -schilder<\/li>\n<li>elegante Leuchtbuchstaben<\/li>\n<li>Leuchtpylonen<\/li>\n<\/ul>\n[\/vc_column][\/vc_row][vc_row no_margin=&#8220;true&#8220; padding_top=&#8220;0&#8243; padding_bottom=&#8220;0&#8243; border=&#8220;none&#8220; bg_pattern=&#8220;329&#8243;][vc_column width=&#8220;1\/1&#8243; fade_animation=&#8220;in&#8220; fade_animation_offset=&#8220;45px&#8220; id=&#8220;schild&#8220; style=&#8220;height: 90px;&#8220;][\/vc_column][\/vc_row][vc_row no_margin=&#8220;true&#8220; padding_top=&#8220;0&#8243; padding_bottom=&#8220;0&#8243; border=&#8220;none&#8220;][vc_column width=&#8220;1\/1&#8243;]<h3><strong><i  class=\"x-icon x-icon-arrow-circle-right\" data-x-icon-s=\"&#xf0a9;\" aria-hidden=\"true\"><\/i>\u00a0SCHILDER, TRANSPARENTE &amp; MEHR<\/strong><\/h3>\n<p>Nat\u00fcrlich bekommen Sie bei uns auch Schilder verschiedenster Gr\u00f6\u00dfen und Materialien (Aluminiumverbund, Polystyrol, Acryl, Holz, \u2026), gleich\u00a0ob f\u00fcr den Innen- oder Au\u00dfenbereich.<\/p>\n<ul>\n<li>Siebdruck Schilder<\/li>\n<li>elegante Acrylglas-Schilder inkl. Wandhalterung<\/li>\n<li>Transparente (Mesh, PVC)<\/li>\n<li>Klebefolien<\/li>\n<li>Magnetschilder<\/li>\n<li>Oldtimerschilder f\u00fcr Ausfahrten od. Rallyes<a href=\"http:\/\/www.hatzigmoser.at\/wp-content\/uploads\/2014\/07\/schilder8.png\"><br \/>\n<\/a><\/li>\n<li>uvm.<\/li>\n<\/ul>\n[\/vc_column][\/vc_row]\n","protected":false},"excerpt":{"rendered":"<p>[vc_row no_margin=&#8220;true&#8220; padding_top=&#8220;0&#8243; padding_bottom=&#8220;10&#8243; border=&#8220;none&#8220;][vc_column width=&#8220;1\/3&#8243; fade=&#8220;&#8220; fade_animation=&#8220;in-from-bottom&#8220; fade_animation_offset=&#8220;150px&#8220;][\/vc_column][vc_column width=&#8220;1\/3&#8243; fade=&#8220;&#8220; fade_animation=&#8220;in-from-bottom&#8220; fade_animation_offset=&#8220;150px&#8220;][\/vc_column][vc_column width=&#8220;1\/3&#8243; fade=&#8220;&#8220; fade_animation=&#8220;in-from-bottom&#8220; fade_animation_offset=&#8220;150px&#8220;][\/vc_column][\/vc_row][vc_row no_margin=&#8220;true&#8220; padding_top=&#8220;0&#8243; padding_bottom=&#8220;0&#8243; border=&#8220;none&#8220; bg_pattern=&#8220;329&#8243; inner_container=&#8220;true&#8220;][vc_column width=&#8220;1\/1&#8243; fade_animation=&#8220;in&#8220; fade_animation_offset=&#8220;45px&#8220; id=&#8220;pos&#8220; style=&#8220;height: 90px;&#8220;][\/vc_column][\/vc_row][vc_row no_margin=&#8220;true&#8220; padding_top=&#8220;0&#8243; padding_bottom=&#8220;10&#8243; border=&#8220;none&#8220;][vc_column width=&#8220;1\/1&#8243;][\/vc_column][\/vc_row][vc_row no_margin=&#8220;true&#8220; padding_top=&#8220;0&#8243; padding_bottom=&#8220;0&#8243; border=&#8220;none&#8220; bg_pattern=&#8220;329&#8243;][vc_column width=&#8220;1\/1&#8243; fade_animation=&#8220;in&#8220; fade_animation_offset=&#8220;45px&#8220; id=&#8220;shop&#8220; style=&#8220;height: 90px;&#8220;][\/vc_column][\/vc_row][vc_row no_margin=&#8220;true&#8220; padding_top=&#8220;0&#8243; padding_bottom=&#8220;10&#8243; border=&#8220;none&#8220;][vc_column width=&#8220;1\/1&#8243;][\/vc_column][\/vc_row][vc_row no_margin=&#8220;true&#8220; padding_top=&#8220;0&#8243; padding_bottom=&#8220;0&#8243; border=&#8220;none&#8220; bg_pattern=&#8220;329&#8243;][vc_column width=&#8220;1\/1&#8243; fade_animation=&#8220;in&#8220; fade_animation_offset=&#8220;45px&#8220; id=&#8220;leucht&#8220; style=&#8220;height: &#8230; <a href=\"https:\/\/www.hatzigmoser.at\/?page_id=235\" class=\"more-link\">Read More<\/a><\/p>\n","protected":false},"author":1,"featured_media":0,"parent":0,"menu_order":0,"comment_status":"closed","ping_status":"open","template":"","meta":[],"_links":{"self":[{"href":"https:\/\/www.hatzigmoser.at\/index.php?rest_route=\/wp\/v2\/pages\/235"}],"collection":[{"href":"https:\/\/www.hatzigmoser.at\/index.php?rest_route=\/wp\/v2\/pages"}],"about":[{"href":"https:\/\/www.hatzigmoser.at\/index.php?rest_route=\/wp\/v2\/types\/page"}],"author":[{"embeddable":true,"href":"https:\/\/www.hatzigmoser.at\/index.php?rest_route=\/wp\/v2\/users\/1"}],"replies":[{"embeddable":true,"href":"https:\/\/www.hatzigmoser.at\/index.php?rest_route=%2Fwp%2Fv2%2Fcomments&post=235"}],"version-history":[{"count":71,"href":"https:\/\/www.hatzigmoser.at\/index.php?rest_route=\/wp\/v2\/pages\/235\/revisions"}],"predecessor-version":[{"id":466,"href":"https:\/\/www.hatzigmoser.at\/index.php?rest_route=\/wp\/v2\/pages\/235\/revisions\/466"}],"wp:attachment":[{"href":"https:\/\/www.hatzigmoser.at\/index.php?rest_route=%2Fwp%2Fv2%2Fmedia&parent=235"}],"curies":[{"name":"wp","href":"https:\/\/api.w.org\/{rel}","templated":true}]}}